{"id":2,"date":"2016-05-10T03:48:21","date_gmt":"2016-05-10T03:48:21","guid":{"rendered":"http:\/\/praxis-ras.de\/?page_id=2"},"modified":"2019-12-26T10:22:29","modified_gmt":"2019-12-26T10:22:29","slug":"sample-page","status":"publish","type":"page","link":"https:\/\/praxis-ras.de\/?page_id=2","title":{"rendered":"Kontakt\/Sprechzeiten"},"content":{"rendered":"<p><span style=\"font-size: 1rem;\"><strong>Thomas Ras<\/strong><br \/>\n<\/span><em>Facharzt f\u00fcr Innere Medizin, Notfallmedizin<\/em><\/p>\n<p><strong>Dr. med. Felix Leifheit<\/strong><br \/>\n<em>Facharzt f\u00fcr Innere Medizin<\/em><\/p>\n<div id=\"main\">\n<div id=\"cnt\" class=\"big\">\n<div class=\"mw\">\n<div id=\"rcnt\">\n<div id=\"rhscol\" class=\"col\">\n<div id=\"rhs\">\n<div id=\"rhs_block\" class=\"r-iGfUbZcxT_zI rhstc5\">\n<div class=\"g rhsvw kno-kp mnr-c g-blk\" lang=\"de-DE\" data-ved=\"0ahUKEwi477Hfvc3ZAhVC2KQKHRHxDJsQjh8IaCgA\" data-hveid=\"104\">\n<div class=\"kp-blk knowledge-panel _Rqb _RJe\" data-ved=\"0ahUKEwi477Hfvc3ZAhVC2KQKHRHxDJsQww0IaSgA\" data-hveid=\"105\">\n<div class=\"xpdopen\">\n<div class=\"_OKe\">\n<div data-ved=\"0ahUKEwi477Hfvc3ZAhVC2KQKHRHxDJsQ_xcIag\">\n<div class=\"_G1d _wle _xle\">\n<div class=\"_RBg\">\n<div class=\"mod\" data-ved=\"0ahUKEwi477Hfvc3ZAhVC2KQKHRHxDJsQkCkIgQEoAjAQ\" data-hveid=\"129\" data-md=\"1002\">\n<div class=\"_eFb\">\n<div data-ved=\"0ahUKEwi477Hfvc3ZAhVC2KQKHRHxDJsQghwIggEoADAQ\" data-dtype=\"d3ifr\" data-local-attribute=\"d3adr\"><strong>Adresse<\/strong>:<\/div>\n<div class=\"_mr kno-fb-ctx\" data-ved=\"0ahUKEwi477Hfvc3ZAhVC2KQKHRHxDJsQghwIggEoADAQ\" data-dtype=\"d3ifr\" data-local-attribute=\"d3adr\"><span class=\"_Xbe\">Beethovenstra\u00dfe 10,<\/span><\/div>\n<p class=\"_mr kno-fb-ctx\" data-ved=\"0ahUKEwi477Hfvc3ZAhVC2KQKHRHxDJsQghwIggEoADAQ\" data-dtype=\"d3ifr\" data-local-attribute=\"d3adr\"><span class=\"_Xbe\">86150 Augsburg<\/span><\/p>\n<\/div>\n<\/div>\n<div class=\"mod\" data-ved=\"0ahUKEwi477Hfvc3ZAhVC2KQKHRHxDJsQkCkIhAEoAzAR\" data-hveid=\"132\" data-md=\"1005\">\n<div class=\"_eFb\">\n<div class=\"kno-fb-ctx _mr t_oh\" data-dtype=\"d3oh\">\n<div class=\"r-ihPTPNSP0w0k\">\n<div id=\"main\">\n<div id=\"cnt\" class=\"big\">\n<div class=\"mw\">\n<div id=\"rcnt\">\n<div id=\"rhscol\" class=\"col\">\n<div id=\"rhs\">\n<div id=\"rhs_block\" class=\"r-iGfUbZcxT_zI rhstc5\">\n<div class=\"g rhsvw kno-kp mnr-c g-blk\" lang=\"de-DE\" data-ved=\"0ahUKEwi477Hfvc3ZAhVC2KQKHRHxDJsQjh8IaCgA\" data-hveid=\"104\">\n<div class=\"kp-blk knowledge-panel _Rqb _RJe\" data-ved=\"0ahUKEwi477Hfvc3ZAhVC2KQKHRHxDJsQww0IaSgA\" data-hveid=\"105\">\n<div class=\"xpdopen\">\n<div class=\"_OKe\">\n<div data-ved=\"0ahUKEwi477Hfvc3ZAhVC2KQKHRHxDJsQ_xcIag\">\n<div class=\"_G1d _wle _xle\">\n<div class=\"_RBg\">\n<div class=\"mod\" data-ved=\"0ahUKEwi477Hfvc3ZAhVC2KQKHRHxDJsQkCkIigEoBDAS\" data-hveid=\"138\" data-md=\"1006\">\n<div class=\"_eFb\">\n<p class=\"_mr kno-fb-ctx\" data-ved=\"0ahUKEwi477Hfvc3ZAhVC2KQKHRHxDJsQ8I0BCIsBKAAwEg\" data-dtype=\"d3ifr\" data-local-attribute=\"d3ph\"><span class=\"_Xbe _ZWk kno-fv\"><span data-dtype=\"d3ifr\" data-local-attribute=\"d3ph\"><strong>Telefon<\/strong>: 0821 311075<br \/>\n<strong>Fax<\/strong>: 0821 311076<\/span><\/span><\/p>\n<p data-ved=\"0ahUKEwi477Hfvc3ZAhVC2KQKHRHxDJsQ8I0BCIsBKAAwEg\" data-dtype=\"d3ifr\" data-local-attribute=\"d3ph\"><span style=\"font-size: 1rem;\"><strong>Sprechzeiten<\/strong>:<\/span><\/p>\n<\/div>\n<\/div>\n<\/div>\n<\/div>\n<\/div>\n<\/div>\n<\/div>\n<\/div>\n<\/div>\n<\/div>\n<\/div>\n<\/div>\n<\/div>\n<\/div>\n<\/div>\n<\/div>\n<div class=\"_tDe r-iaZxvZ3j7iLQ t_oh\">\n<div class=\"vk_bk a_h\" tabindex=\"0\" data-ved=\"0ahUKEwi477Hfvc3ZAhVC2KQKHRHxDJsQ5nEIiAEwEQ\">\n<table class=\"_Y0c\">\n<tbody>\n<tr class=\"_NEd\">\n<td class=\"_X0c\">Montag<\/td>\n<td>08:30\u201312:00,\u00a0 15:30\u201318:00<\/td>\n<\/tr>\n<tr>\n<td class=\"_X0c\">Dienstag<\/td>\n<td>08:30\u201312:00, 15:30\u201318:00<\/td>\n<\/tr>\n<tr>\n<td class=\"_X0c\">Mittwoch<\/td>\n<td>08:30\u201312:00<\/td>\n<\/tr>\n<tr>\n<td class=\"_X0c\">Donnerstag<\/td>\n<td>08:30\u201312:00, 15:30\u201318:00<\/td>\n<\/tr>\n<tr>\n<td class=\"_X0c\">Freitag<\/td>\n<td>08:30\u201312:00<\/td>\n<\/tr>\n<tr>\n<td class=\"_X0c\">Samstag\/Sonntag\/Feiertag<\/td>\n<td>geschlossen<\/td>\n<\/tr>\n<\/tbody>\n<\/table>\n<\/div>\n<\/div>\n<\/div>\n<\/div>\n<\/div>\n<\/div>\n<\/div>\n<\/div>\n<\/div>\n<\/div>\n<\/div>\n<\/div>\n<\/div>\n<\/div>\n<\/div>\n<\/div>\n<\/div>\n<\/div>\n<\/div>\n<\/div>\n<p><strong>Anfahrt<\/strong>:<\/p>\n<p><iframe loading=\"lazy\" style=\"border: 0;\" src=\"https:\/\/www.google.com\/maps\/embed?pb=!1m18!1m12!1m3!1d3282.4821054691006!2d10.891222728177371!3d48.36344925829337!2m3!1f0!2f0!3f0!3m2!1i1024!2i768!4f13.1!3m3!1m2!1s0x479ebd5328e1d8f1%3A0xc69835c26fec09bf!2sDr.+Zbigniew+Christoph+Ras!5e0!3m2!1sde!2sde!4v1520163950395\" width=\"400\" height=\"300\" frameborder=\"0\" allowfullscreen=\"allowfullscreen\"><\/iframe><\/p>\n<p>&nbsp;<\/p>\n<h6><a href=\"https:\/\/praxis-ras.de\/?page_id=39\">Impressum<\/a>\u00a0I <a href=\"https:\/\/praxis-ras.de\/?page_id=74\">Datenschutzerkl\u00e4rung<\/a><\/h6>\n","protected":false},"excerpt":{"rendered":"<p>Thomas Ras Facharzt f\u00fcr Innere Medizin, Notfallmedizin Dr. med. Felix Leifheit Facharzt f\u00fcr Innere Medizin Adresse: Beethovenstra\u00dfe 10, 86150 Augsburg Telefon: 0821 311075 Fax: 0821 311076 Sprechzeiten: Montag 08:30\u201312:00,\u00a0 15:30\u201318:00 Dienstag 08:30\u201312:00, 15:30\u201318:00 Mittwoch 08:30\u201312:00 Donnerstag 08:30\u201312:00, 15:30\u201318:00 Freitag 08:30\u201312:00 Samstag\/Sonntag\/Feiertag geschlossen Anfahrt: &nbsp; Impressum\u00a0I Datenschutzerkl\u00e4rung<\/p>\n","protected":false},"author":1,"featured_media":0,"parent":0,"menu_order":0,"comment_status":"closed","ping_status":"open","template":"","meta":{"footnotes":""},"class_list":["post-2","page","type-page","status-publish","hentry"],"_links":{"self":[{"href":"https:\/\/praxis-ras.de\/index.php?rest_route=\/wp\/v2\/pages\/2","targetHints":{"allow":["GET"]}}],"collection":[{"href":"https:\/\/praxis-ras.de\/index.php?rest_route=\/wp\/v2\/pages"}],"about":[{"href":"https:\/\/praxis-ras.de\/index.php?rest_route=\/wp\/v2\/types\/page"}],"author":[{"embeddable":true,"href":"https:\/\/praxis-ras.de\/index.php?rest_route=\/wp\/v2\/users\/1"}],"replies":[{"embeddable":true,"href":"https:\/\/praxis-ras.de\/index.php?rest_route=%2Fwp%2Fv2%2Fcomments&post=2"}],"version-history":[{"count":12,"href":"https:\/\/praxis-ras.de\/index.php?rest_route=\/wp\/v2\/pages\/2\/revisions"}],"predecessor-version":[{"id":89,"href":"https:\/\/praxis-ras.de\/index.php?rest_route=\/wp\/v2\/pages\/2\/revisions\/89"}],"wp:attachment":[{"href":"https:\/\/praxis-ras.de\/index.php?rest_route=%2Fwp%2Fv2%2Fmedia&parent=2"}],"curies":[{"name":"wp","href":"https:\/\/api.w.org\/{rel}","templated":true}]}}