{"id":26,"date":"2018-03-04T12:33:21","date_gmt":"2018-03-04T12:33:21","guid":{"rendered":"http:\/\/praxis-ras.de\/?page_id=26"},"modified":"2026-01-02T07:37:49","modified_gmt":"2026-01-02T07:37:49","slug":"leistungen","status":"publish","type":"page","link":"https:\/\/praxis-ras.de\/?page_id=26","title":{"rendered":"Leistungen"},"content":{"rendered":"<p><strong>Haus\u00e4rztliche Versorgung<\/strong><\/p>\n<ul>\n<li>Ansprechpartner im Rahmen der Prim\u00e4rversorgung bei gesundheitlichen Problemen aller Art<\/li>\n<li>Rezepte, \u00dcberweisungen, Atteste, Bescheinigungen<\/li>\n<li>Hausbesuche<\/li>\n<li>psychosomatische Grundversorgung<\/li>\n<li>\u00dcberpr\u00fcfung der Narkosef\u00e4higkeit vor Operationen<\/li>\n<li>Hausarztzentrierte Versorgung<\/li>\n<li>Tauchtauglichkeitsuntersuchung (keine Kassenleistung)<\/li>\n<li>Medizinische Untersuchung im Motorradsport\u00a0(keine Kassenleistung)<\/li>\n<\/ul>\n<p><strong>Pr\u00e4vention<\/strong><\/p>\n<ul>\n<li>Gesundheitsuntersuchungen wie z.B. &#8222;Check Up 35&#8220; ab dem 35. Lebensjahr<\/li>\n<li>Krebsvorsorge z.B. Hautkrebsscreening (Kassenleistung ab 35. Lebensjahr)<\/li>\n<li>Impfungen, Impfpass\u00fcberpr\u00fcfungen<\/li>\n<\/ul>\n<p><strong>Diagnostik<\/strong><\/p>\n<ul>\n<li>hochmoderne Ultraschalldiagnostik inklusive farbkodierter Dopplersonographie:<br \/>\n&#8211; <em>Abdomensonographie:<\/em> Untersuchung der Bauchorgane<br \/>\n&#8211; <em>Gef\u00e4\u00dfdarstellung:<\/em> z.B. zum Ausschlu\u00df von Thrombosen<br \/>\n&#8211; <em>Thoraxsonographie:<\/em> zur Akutdiagnostik bei Atemnot<br \/>\n&#8211; <em>Echokardiographie:<\/em> Untersuchung des Herzens (keine Kassenleistung)<br \/>\n&#8211; <em>Schilddr\u00fcsensonographie: z.B. bei \u00dcber- oder Unterfunktion<\/em><\/li>\n<li>Elektrokardiogramm (EKG)<\/li>\n<li>Labor (Blut- und Urinuntersuchungen)<\/li>\n<li>Lungenfunktionspr\u00fcfung<\/li>\n<li>Langzeit-Blutdruckmessung<\/li>\n<li>Langzeit-EKG (z.B. bei Verdacht auf Herzrhythmusst\u00f6rungen)<\/li>\n<\/ul>\n<p>&nbsp;<\/p>\n<h6><a href=\"https:\/\/praxis-ras.de\/?page_id=39\">Impressum<\/a>\u00a0I <a href=\"https:\/\/praxis-ras.de\/?page_id=74\">Datenschutzerkl\u00e4rung<\/a><\/h6>\n","protected":false},"excerpt":{"rendered":"<p>Haus\u00e4rztliche Versorgung Ansprechpartner im Rahmen der Prim\u00e4rversorgung bei gesundheitlichen Problemen aller Art Rezepte, \u00dcberweisungen, Atteste, Bescheinigungen Hausbesuche psychosomatische Grundversorgung \u00dcberpr\u00fcfung der Narkosef\u00e4higkeit vor Operationen Hausarztzentrierte Versorgung Tauchtauglichkeitsuntersuchung (keine Kassenleistung) Medizinische Untersuchung im Motorradsport\u00a0(keine Kassenleistung) Pr\u00e4vention Gesundheitsuntersuchungen wie z.B. &#8222;Check Up 35&#8220; ab dem 35. Lebensjahr Krebsvorsorge z.B. Hautkrebsscreening (Kassenleistung ab 35. Lebensjahr) Impfungen, Impfpass\u00fcberpr\u00fcfungen Diagnostik &hellip; <\/p>\n<p class=\"link-more\"><a href=\"https:\/\/praxis-ras.de\/?page_id=26\" class=\"more-link\"><span class=\"screen-reader-text\">&#8222;Leistungen&#8220;<\/span> weiterlesen<\/a><\/p>\n","protected":false},"author":1,"featured_media":0,"parent":0,"menu_order":0,"comment_status":"closed","ping_status":"closed","template":"","meta":{"footnotes":""},"class_list":["post-26","page","type-page","status-publish","hentry"],"_links":{"self":[{"href":"https:\/\/praxis-ras.de\/index.php?rest_route=\/wp\/v2\/pages\/26","targetHints":{"allow":["GET"]}}],"collection":[{"href":"https:\/\/praxis-ras.de\/index.php?rest_route=\/wp\/v2\/pages"}],"about":[{"href":"https:\/\/praxis-ras.de\/index.php?rest_route=\/wp\/v2\/types\/page"}],"author":[{"embeddable":true,"href":"https:\/\/praxis-ras.de\/index.php?rest_route=\/wp\/v2\/users\/1"}],"replies":[{"embeddable":true,"href":"https:\/\/praxis-ras.de\/index.php?rest_route=%2Fwp%2Fv2%2Fcomments&post=26"}],"version-history":[{"count":10,"href":"https:\/\/praxis-ras.de\/index.php?rest_route=\/wp\/v2\/pages\/26\/revisions"}],"predecessor-version":[{"id":164,"href":"https:\/\/praxis-ras.de\/index.php?rest_route=\/wp\/v2\/pages\/26\/revisions\/164"}],"wp:attachment":[{"href":"https:\/\/praxis-ras.de\/index.php?rest_route=%2Fwp%2Fv2%2Fmedia&parent=26"}],"curies":[{"name":"wp","href":"https:\/\/api.w.org\/{rel}","templated":true}]}}