{"id":39,"date":"2018-03-04T13:24:14","date_gmt":"2018-03-04T13:24:14","guid":{"rendered":"http:\/\/praxis-ras.de\/?page_id=39"},"modified":"2020-06-29T04:26:05","modified_gmt":"2020-06-29T04:26:05","slug":"impressum","status":"publish","type":"page","link":"https:\/\/praxis-ras.de\/?page_id=39","title":{"rendered":"Impressum"},"content":{"rendered":"<div class=\"ym-wrapper\">\n<div class=\"layout_103 ym-column linearize-level-1\">\n<div id=\"wrapper_cols\">\n<div class=\"ym-col3 linearize-level-2 \">\n<div id=\"content_main\">\n<div class=\"highlight\">\n<p class=\"thin\">Thomas Ras und Dr. med. Felix Leifheit<br \/>\nBeethovenstra\u00dfe 10<br \/>\n86150 Augsburg<br \/>\nTelefon 0821311075<\/p>\n<p class=\"thin\">Zust\u00e4ndige Standesoragnisation:<br \/>\n\u00c4rztekammer Bayern<br \/>\nM\u00fchlbaurstra\u00dfe 16<br \/>\n81677 M\u00fcnchen<\/p>\n<p class=\"thin\"><span style=\"color: #111133; font-family: Arial, Helvetica, sans-serif; font-size: 1rem;\">Die g\u00fcltige Berufsordnung finden Sie auf der Homepage der zust\u00e4ndigen Standesorganisation: <\/span><a style=\"font-family: Arial, Helvetica, sans-serif; font-size: 1rem;\" href=\"http:\/\/www.blaek.de\/\" target=\"_blank\" rel=\"noopener\">bayer. Landes\u00e4rztekammer<\/a><span style=\"color: #111133; font-family: Arial, Helvetica, sans-serif; font-size: 1rem;\">, M\u00fcnchen<\/span><\/p>\n<p class=\"thin\">Zust\u00e4ndige Kassen\u00e4rztliche Vereinigung:<br \/>\nKassen\u00e4rztliche Vereinigung Bayerns (KVB) &#8211; Bezirksstelle Schwaben<br \/>\n<span style=\"font-size: 1rem;\">Frohsinnstra\u00dfe 2, 86150 Augsburg<\/span><\/p>\n<p class=\"thin\">Berufsbezeichnung:<br \/>\nArzt, verliehen in der Bundesrepublik Deutschland<\/p>\n<\/div>\n<div class=\"diyw\">\n<div id=\"container\">\n<div id=\"container_inner\">\n<div id=\"content\">\n<div class=\"gutter\">\n<div id=\"content_area\">\n<div id=\"matrix_191428\" class=\"sortable-matrix\" data-matrixid=\"191428\">\n<div class=\"n module-type-text diyfeLiveArea \">\n<p><strong>Disclaimer<\/strong><\/p>\n<p>Aus rechtlichen Gr\u00fcnden weisen wir darauf hin, dass f\u00fcr den Inhalt verlinkter Seiten ausschlie\u00dflich deren Betreiber verantwortlich sind. Sollten Sie den Inhalt verlinkter Seiten problematisch finden oder einen sogenannten &#8222;dead link&#8220; bemerken, teilen Sie uns dies bitte mit, damit der entsprechende Verweiseintrag \u00fcberpr\u00fcft und ggf. entfernt werden kann.<\/p>\n<p>Alle Seiten sind mit dem Impressum verlinkt und daher eindeutig zuzuordnen. Sollte bei der Darstellung mit Mobilfunkger\u00e4ten oder bei nicht gestatteter Verlinkung isolierter Teilelemente auf Fremdseiten das Impressum wider Erwarten nicht mehr zug\u00e4nglich sein, liegt dies nicht in unserer Verantwortung, eine Haftung f\u00fcr atypische Darstellung k\u00f6nnen wir nicht \u00fcbernehmen.<\/p>\n<p>Die Bildnachweise erfolgen nach bestem Wissen und unter Angabe des Lizenztyps. M\u00f6chten Sie als Lizenzinhaber der Ver\u00f6ffentlichung widersprechen, bitten wir um R\u00fcckmeldung, das Bild wird dann umgehend entfernt.<\/p>\n<\/div>\n<\/div>\n<\/div>\n<\/div>\n<\/div>\n<\/div>\n<\/div>\n<\/div>\n<\/div>\n<\/div>\n<\/div>\n<\/div>\n<\/div>\n","protected":false},"excerpt":{"rendered":"<p>Thomas Ras und Dr. med. Felix Leifheit Beethovenstra\u00dfe 10 86150 Augsburg Telefon 0821311075 Zust\u00e4ndige Standesoragnisation: \u00c4rztekammer Bayern M\u00fchlbaurstra\u00dfe 16 81677 M\u00fcnchen Die g\u00fcltige Berufsordnung finden Sie auf der Homepage der zust\u00e4ndigen Standesorganisation: bayer. Landes\u00e4rztekammer, M\u00fcnchen Zust\u00e4ndige Kassen\u00e4rztliche Vereinigung: Kassen\u00e4rztliche Vereinigung Bayerns (KVB) &#8211; Bezirksstelle Schwaben Frohsinnstra\u00dfe 2, 86150 Augsburg Berufsbezeichnung: Arzt, verliehen in der Bundesrepublik &hellip; <\/p>\n<p class=\"link-more\"><a href=\"https:\/\/praxis-ras.de\/?page_id=39\" class=\"more-link\"><span class=\"screen-reader-text\">&#8222;Impressum&#8220;<\/span> weiterlesen<\/a><\/p>\n","protected":false},"author":1,"featured_media":0,"parent":0,"menu_order":0,"comment_status":"closed","ping_status":"closed","template":"","meta":{"footnotes":""},"class_list":["post-39","page","type-page","status-publish","hentry"],"_links":{"self":[{"href":"https:\/\/praxis-ras.de\/index.php?rest_route=\/wp\/v2\/pages\/39","targetHints":{"allow":["GET"]}}],"collection":[{"href":"https:\/\/praxis-ras.de\/index.php?rest_route=\/wp\/v2\/pages"}],"about":[{"href":"https:\/\/praxis-ras.de\/index.php?rest_route=\/wp\/v2\/types\/page"}],"author":[{"embeddable":true,"href":"https:\/\/praxis-ras.de\/index.php?rest_route=\/wp\/v2\/users\/1"}],"replies":[{"embeddable":true,"href":"https:\/\/praxis-ras.de\/index.php?rest_route=%2Fwp%2Fv2%2Fcomments&post=39"}],"version-history":[{"count":5,"href":"https:\/\/praxis-ras.de\/index.php?rest_route=\/wp\/v2\/pages\/39\/revisions"}],"predecessor-version":[{"id":96,"href":"https:\/\/praxis-ras.de\/index.php?rest_route=\/wp\/v2\/pages\/39\/revisions\/96"}],"wp:attachment":[{"href":"https:\/\/praxis-ras.de\/index.php?rest_route=%2Fwp%2Fv2%2Fmedia&parent=39"}],"curies":[{"name":"wp","href":"https:\/\/api.w.org\/{rel}","templated":true}]}}