{"id":74,"date":"2018-05-24T21:27:35","date_gmt":"2018-05-24T21:27:35","guid":{"rendered":"http:\/\/praxis-ras.de\/?page_id=74"},"modified":"2021-04-14T19:19:04","modified_gmt":"2021-04-14T19:19:04","slug":"datenschutzerklaerung","status":"publish","type":"page","link":"https:\/\/praxis-ras.de\/?page_id=74","title":{"rendered":"Datenschutzerkl\u00e4rung"},"content":{"rendered":"<p>Sehr geehrter Besucher unserer Webseite,<\/p>\n<p>wir m\u00f6chten Sie dar\u00fcber informieren, dass beim Besuch unserer Webseite und Nutzung unserer Kontaktm\u00f6glichkeiten (E-Mail) personenbezogene Daten erhoben werden. Personenbezogen sind Daten, die auf Sie pers\u00f6nlich beziehbar sind (z. B. Name, E-Mail).<\/p>\n<p>Verantwortlich f\u00fcr die Erhebung und Speicherung der Daten sind Dr. med. Felix Leifheit und Thomas Ras, Beethovenstra\u00dfe 10, 86150 Augsburg, Telefon 0821311075<\/p>\n<p>Unserer Webseite dient ausschlie\u00dflich der Bereitstellung von Informationen \u00fcber unsere Praxis, unser Behandlungsspektrum und therapeutische M\u00f6glichkeiten bei verschiedenen Erkrankungen. Beim Besuch unserer Webseite werden nur die Daten erhoben, die von Ihrem Browser an unseren Server \u00fcbermittelt werden. Diese Daten sind notwendig, damit Sie unsere Webseite angezeigt bekommen und auf ihr navigieren k\u00f6nnen. Rechtsgrundlage f\u00fcr die Erhebung der Daten ist Art. 6 Abs. 1 f) EU-Datenschutz-Grundverordnung. Im Einzelnen werden folgende Daten beim Besuch unserer Webseite erhoben:<\/p>\n<ul>\n<li>Anonyme IP-Adresse<\/li>\n<li>Art des Browsers, sowie dessen Sprache und Version<\/li>\n<li>Betriebssystem<\/li>\n<li>Zugriffstatus\/http-Statuscode<\/li>\n<li>Datum und Uhrzeit der Anfrage, sowie die Zeitzone<\/li>\n<li>Inhalt der Anforderung und Webseite von der sie kommt<\/li>\n<li>\u00dcbertragene Datenmenge<\/li>\n<\/ul>\n<p>Die L\u00f6schung dieser Daten erfolgt, wenn diese nicht mehr erforderlich sind.<br \/>\nBitte beachten Sie, dass die Speicherung dieser Daten, (Anonyme IP, Betriebssystem, Browser usw.), nicht als Verarbeitung der personenbezogene Daten gilt, da die IP-Adresse des Besuchers anonymisiert wird.<\/p>\n<p>&nbsp;<\/p>\n<p>Sie haben uns gegen\u00fcber folgende Rechte, hinsichtlich der bei uns\u00a0\u00fcber Sie gespeicherten Daten:<\/p>\n<ul>\n<li>Recht auf Berichtigung und L\u00f6schung<\/li>\n<li>Recht auf Auskunft<\/li>\n<li>Recht auf Einschr\u00e4nkung der Verarbeitung<\/li>\n<li>Recht auf Daten\u00fcbertragbarkeit<\/li>\n<li>Recht auf Widerspruch gegen die Verarbeitung<\/li>\n<\/ul>\n<p>Ihnen steht weiterhin ein Beschwerderecht beim Landesbeauftragten f\u00fcr den Datenschutz und die Informationsfreiheit\u00a0 zu.<\/p>\n<p>&nbsp;<\/p>\n<p><b>Cookies:<br \/>\n<\/b>Diese Webseite verwendet keine Cookies.<\/p>\n<p>&nbsp;<\/p>\n<p><strong>Google Maps<br \/>\n<\/strong>Unsere Webseite benutzt Google Maps zur Darstellung von Karten und zur Erstellung von Anfahrtspl\u00e4nen.<\/p>\n<p>Google Maps wird von Google Inc., 1600 Amphitheatre Parkway, Mountain View, CA 94043, USA betrieben.<\/p>\n<p>Durch den Besuch auf der Webseite erh\u00e4lt Google Informationen dar\u00fcber, dass Sie die entsprechende Seite unseres Webauftrittes aufgerufen haben. Dies erfolgt auch unabh\u00e4ngig davon, ob Sie ein Nutzerkonto bei Google haben oder \u00fcber dieses eingeloggt sind. F\u00fcr den\u00a0 Fall, dass Sie w\u00e4hrend der Nutzung der Webseite \u00fcber ein Nutzerkonto von Google eingeloggt sind, werden die Daten direkt Ihrem Benutzerkonto zugeordnet. Wenn Sie dies nicht w\u00fcnschen, so m\u00fcssen Sie sich vor Nutzung des Dienstes ausloggen.<\/p>\n<p>Durch die Nutzung von Google Maps erkl\u00e4ren Sie sich mit der Erfassung, Bearbeitung sowie der Nutzung der automatisch erhobenen sowie der von Ihnen eingegeben Daten durch Google und ggf. von Drittanbieter einverstanden. Die Nutzungsbedingungen f\u00fcr Google Maps finden Sie unter\u00a0<a href=\"http:\/\/www.google.com\/intl\/de_de\/help\/terms_maps.html\">Nutzungsbedingungen f\u00fcr Google Maps<\/a>. Ausf\u00fchrliche Details finden Sie unter google.de:\u00a0<a href=\"http:\/\/www.google.de\/intl\/de\/privacy\/\">Transparenz und Wahlm\u00f6glichkeiten<\/a>\u00a0sowie\u00a0<a href=\"http:\/\/www.google.de\/intl\/de\/privacy\/privacy-policy.html\">Datenschutzbestimmungen<\/a>. Das Ihnen zustehende Widerspruchsrecht m\u00fcssen Sie direkt gegen\u00fcber Google aus\u00fcben. \u00dcber Ihre Browsereinstellungen k\u00f6nnen Sie den Google Maps-Dienst deaktivieren (Deaktivierung des JavaScripts im Browser). Eine Nutzung ist dann nicht mehr m\u00f6glich.<\/p>\n","protected":false},"excerpt":{"rendered":"<p>Sehr geehrter Besucher unserer Webseite, wir m\u00f6chten Sie dar\u00fcber informieren, dass beim Besuch unserer Webseite und Nutzung unserer Kontaktm\u00f6glichkeiten (E-Mail) personenbezogene Daten erhoben werden. Personenbezogen sind Daten, die auf Sie pers\u00f6nlich beziehbar sind (z. B. Name, E-Mail). Verantwortlich f\u00fcr die Erhebung und Speicherung der Daten sind Dr. med. Felix Leifheit und Thomas Ras, Beethovenstra\u00dfe 10, &hellip; <\/p>\n<p class=\"link-more\"><a href=\"https:\/\/praxis-ras.de\/?page_id=74\" class=\"more-link\"><span class=\"screen-reader-text\">&#8222;Datenschutzerkl\u00e4rung&#8220;<\/span> weiterlesen<\/a><\/p>\n","protected":false},"author":1,"featured_media":0,"parent":0,"menu_order":0,"comment_status":"closed","ping_status":"closed","template":"","meta":{"footnotes":""},"class_list":["post-74","page","type-page","status-publish","hentry"],"_links":{"self":[{"href":"https:\/\/praxis-ras.de\/index.php?rest_route=\/wp\/v2\/pages\/74","targetHints":{"allow":["GET"]}}],"collection":[{"href":"https:\/\/praxis-ras.de\/index.php?rest_route=\/wp\/v2\/pages"}],"about":[{"href":"https:\/\/praxis-ras.de\/index.php?rest_route=\/wp\/v2\/types\/page"}],"author":[{"embeddable":true,"href":"https:\/\/praxis-ras.de\/index.php?rest_route=\/wp\/v2\/users\/1"}],"replies":[{"embeddable":true,"href":"https:\/\/praxis-ras.de\/index.php?rest_route=%2Fwp%2Fv2%2Fcomments&post=74"}],"version-history":[{"count":4,"href":"https:\/\/praxis-ras.de\/index.php?rest_route=\/wp\/v2\/pages\/74\/revisions"}],"predecessor-version":[{"id":105,"href":"https:\/\/praxis-ras.de\/index.php?rest_route=\/wp\/v2\/pages\/74\/revisions\/105"}],"wp:attachment":[{"href":"https:\/\/praxis-ras.de\/index.php?rest_route=%2Fwp%2Fv2%2Fmedia&parent=74"}],"curies":[{"name":"wp","href":"https:\/\/api.w.org\/{rel}","templated":true}]}}